{"id":1270,"date":"2024-03-06T10:22:59","date_gmt":"2024-03-06T09:22:59","guid":{"rendered":"https:\/\/ecranstransparents.fr\/?page_id=1270"},"modified":"2024-04-17T16:43:43","modified_gmt":"2024-04-17T14:43:43","slug":"conditions-generales-de-ventes","status":"publish","type":"page","link":"https:\/\/ecranstransparents.fr\/en\/conditions-generales-de-ventes\/","title":{"rendered":"CONDITIONS G\u00c9N\u00c9RALES DE VENTES"},"content":{"rendered":"<section  class='av_textblock_section av-ltflc64q-094c8152eb4a9a263f960988eb1c448b'   itemscope=\"itemscope\" itemtype=\"https:\/\/schema.org\/CreativeWork\" ><div class='avia_textblock'  itemprop=\"text\" ><h2 class=\"title-1\">TERMS AND CONDITIONS<\/h2>\n<h3>Article No. 1: Purpose<\/h3>\n<p>Toutes les ventes effectu\u00e9es par la soci\u00e9t\u00e9 CONECTINNOV sont soumises aux pr\u00e9sentes conditions g\u00e9n\u00e9rales qui pr\u00e9valent sur toutes conditions d&rsquo;achat, sauf d\u00e9rogation formelle et expresse de CONECTINNOV et figurant sur le bon de commande.<\/p>\n<h3>Article No. 2.1: Price and payment<\/h3>\n<p>The prices of goods and software licenses sold are those in effect on the day the order is taken. They are denominated in euros and calculated excluding taxes. Consequently, they will be increased by the VAT rate and transport costs applicable on the day of the order. In order to determine a payment deadline expressed in number of days at the end of the month, you must first count the number of days, and then determine the end of the month from the date thus obtained. In the event of payment by payment card issued by a bank domiciled outside France, the card must be an international bank card. The CONECTINNOV company grants itself the right to modify its prices at any time. However, it undertakes to invoice the goods ordered at the prices indicated when the order is registered. In the event of disagreement over part of the invoice, the Customer undertakes to pay the undisputed part without delay and to indicate in writing to the company CONECTINNOV the reason for the dispute. By express agreement, failure to pay our invoices will result, without prior notice, in the payment of interest of 2% per month on the sums due plus the immediate payment of all sums remaining due. The rate cannot, however, be less than three times the legal rate as required by article L441-6 of the Commercial Code. In addition, as specified in said article L441-6, a fixed compensation for recovery costs is due to the creditor in the event that the sums due are paid after the due date. This sum was set by decree at \u20ac40.<\/p>\n<h3>Article No. 2.2: Discounts<\/h3>\n<p>The value of qualitative and quantitative discounts as well as the quantity brackets are freely established by CONECTINNOV and may be modified at any time, without notice. Quantitative discounts are reserved for orders placed on our online stores and do not apply to items already benefiting from a discount or promotional offer. Promotional discounts concerning either products, brands, or an entire online store are only applicable to products in stock. Any other products cannot obtain promotional discounts. Likewise, the packs are not subject to promotional discounts or discount vouchers.<\/p>\n<h3>Article No. 2.3: Discount<\/h3>\n<p>No discount will be granted.<\/p>\n<h3>Article No. 3 : Customs duties<\/h3>\n<p>Toute commande livr\u00e9e en dehors de la France pourra \u00eatre soumise \u00e0 des taxes \u00e9ventuelles et \u00e0 des droits de douane. Ces droits de douane et ces taxes \u00e9ventuels li\u00e9s \u00e0 la livraison d&rsquo;un article sont \u00e0 la charge de l\u2019acheteur et rel\u00e8vent de ses responsabilit\u00e9s. Nous ne sommes pas tenus de v\u00e9rifier et de Vous informer des droits de douane et taxes applicables. Pour les conna\u00eetre, Nous Vous conseillons de Vous renseigner aupr\u00e8s des autorit\u00e9s comp\u00e9tentes de votre pays.<\/p>\n<h3>Article No. 4: Reservation of ownership<\/h3>\n<p>In application of the law of May 12, 1980, CONECTINNOV retains full ownership of the goods subject to the order until payment has been made in full, in principal and in accessories. As such, if the buyer is subject to receivership or judicial liquidation, the CONECTINNOV company reserves the right to claim, within the framework of the collective procedure, the goods sold and remaining unpaid. In the event of non-compliance with payment deadlines, CONECTINNOV reserves the right to demand, by registered letter with acknowledgment of receipt, the return of the goods at the buyer's expense.<\/p>\n<h3>Article No. 5: Shipments, transport risk<\/h3>\n<p>Whatever the shipping method, our goods travel at the expense and risk of the recipient. In the event of missing or damaged goods during transport, the buyer must make all necessary reservations on the delivery note upon receipt of said goods. These reservations must also be confirmed in writing within five days of delivery, by registered mail with acknowledgment of receipt. Any unjustified refusal of delivery will result in the invoicing of round-trip transport costs.<\/p>\n<h3>Article No. 6.1: Place of delivery<\/h3>\n<p>Delivery is made either by direct delivery of the goods to the buyer, or by sending a notice of availability in store to the attention of the buyer, or to the place indicated by the buyer on purchase order.<\/p>\n<h3>Article No. 6.2: Delivery to professionalss<\/h3>\n<p>The delivery time is indicated as accurately as possible without any guarantee on our part. By express agreement, a delay in delivery cannot be invoked for cancellation of an order or refusal of delivery and does not give rise to any penalty or damages.<\/p>\n<h3>Article No. 6.3: Delivery to individuals<\/h3>\n<p>The delivery deadline is indicated as accurately as possible. Unless otherwise stated when ordering online, delivery time to individuals is 30 days. In the event of a delay of more than 7 days, the individual may cancel the order concerned by registered letter.<\/p>\n<h3>Article No. 7: Cancellations and returns of equipment<\/h3>\n<p>Les annulations et retours de mat\u00e9riels ne peuvent se faire qu&rsquo;avec notre consentement. Les frais en r\u00e9sultant sont support\u00e9s par le client. Pour les annulations de commande non pr\u00e9vues \u00e0 l\u2019article 6.3, il sera appliqu\u00e9 une d\u00e9cote de 10% de frais de gestion avec un minimum de 15\u20ac. Pour les retours de mat\u00e9riels il sera appliqu\u00e9 une d\u00e9cote de 10% pour v\u00e9rification et 5% de stockage. La validit\u00e9 de nos avoirs ou trop per\u00e7u est de six mois. Pass\u00e9 ce d\u00e9lai l&rsquo;avoir ou trop per\u00e7u devient caduque. CONECTINNOV ne fait pas de remboursement. Le montant des avoirs est d\u00e9duit des futures commandes.<\/p>\n<h3>Article No. 8 : Civil Liability<\/h3>\n<p>CONECTINNOV declines all responsibility with regard to the harmful consequences that may result from the use of our products.<\/p>\n<h3>Article No. 9: Force majeure<\/h3>\n<p>The responsibility of the company CONECTINNOV cannot be implemented if the non-execution or delay in the execution of one of its obligations described in these general conditions of sale results from a case of force majeure. As such, force majeure means any external, unpredictable and irresistible event within the meaning of article 1148 of the Civil Code.<\/p>\n<h3>Article No. 10: Competent court and applicable legislation<\/h3>\n<p>By express agreement between the parties and notwithstanding any contrary clauses appearing on the buyer's commercial papers or documents, the courts of Cergy Pontoise will have sole jurisdiction in the event of disputes or disputes. French laws and regulations apply to the transactions covered herein.<\/p>\n<\/div><\/section>","protected":false},"excerpt":{"rendered":"","protected":false},"author":1,"featured_media":0,"parent":0,"menu_order":0,"comment_status":"closed","ping_status":"closed","template":"","meta":{"inline_featured_image":false,"_monsterinsights_skip_tracking":false,"_monsterinsights_sitenote_active":false,"_monsterinsights_sitenote_note":"","_monsterinsights_sitenote_category":0,"footnotes":""},"class_list":["post-1270","page","type-page","status-publish","hentry"],"_links":{"self":[{"href":"https:\/\/ecranstransparents.fr\/en\/wp-json\/wp\/v2\/pages\/1270","targetHints":{"allow":["GET"]}}],"collection":[{"href":"https:\/\/ecranstransparents.fr\/en\/wp-json\/wp\/v2\/pages"}],"about":[{"href":"https:\/\/ecranstransparents.fr\/en\/wp-json\/wp\/v2\/types\/page"}],"author":[{"embeddable":true,"href":"https:\/\/ecranstransparents.fr\/en\/wp-json\/wp\/v2\/users\/1"}],"replies":[{"embeddable":true,"href":"https:\/\/ecranstransparents.fr\/en\/wp-json\/wp\/v2\/comments?post=1270"}],"version-history":[{"count":3,"href":"https:\/\/ecranstransparents.fr\/en\/wp-json\/wp\/v2\/pages\/1270\/revisions"}],"predecessor-version":[{"id":1757,"href":"https:\/\/ecranstransparents.fr\/en\/wp-json\/wp\/v2\/pages\/1270\/revisions\/1757"}],"wp:attachment":[{"href":"https:\/\/ecranstransparents.fr\/en\/wp-json\/wp\/v2\/media?parent=1270"}],"curies":[{"name":"wp","href":"https:\/\/api.w.org\/{rel}","templated":true}]}}