{"id":144,"date":"2015-10-22T15:32:53","date_gmt":"2015-10-22T15:32:53","guid":{"rendered":"http:\/\/test.kriesi.at\/construction\/?page_id=144"},"modified":"2024-05-28T14:38:44","modified_gmt":"2024-05-28T12:38:44","slug":"cloisons","status":"publish","type":"page","link":"https:\/\/ecranstransparents.fr\/en\/produits\/cloisons\/","title":{"rendered":"PARTITIONS"},"content":{"rendered":"<section  class='av_textblock_section av-rjdxc-3c58b89cd5ddc8ce626420a6bf7aa6c9'   itemscope=\"itemscope\" itemtype=\"https:\/\/schema.org\/CreativeWork\" ><div class='avia_textblock'  itemprop=\"text\" ><p>Cliquer ici pour ajouter votre propre texte<\/p>\n<\/div><\/section>\n\n<style type=\"text\/css\" data-created_by=\"avia_inline_auto\" id=\"style-css-av-2jz5i0-61b612d654a973846fdec6c42df8a29a\">\n#top .flex_column.av-2jz5i0-61b612d654a973846fdec6c42df8a29a{\nmargin-top:0px;\nmargin-bottom:0px;\n}\n.flex_column.av-2jz5i0-61b612d654a973846fdec6c42df8a29a{\nborder-radius:0px 0px 0px 0px;\npadding:0px 0px 0px 0px;\n}\n.responsive #top #wrap_all .flex_column.av-2jz5i0-61b612d654a973846fdec6c42df8a29a{\nmargin-top:0px;\nmargin-bottom:0px;\n}\n<\/style>\n<div  class='flex_column av-2jz5i0-61b612d654a973846fdec6c42df8a29a av_one_full  avia-builder-el-1  el_after_av_textblock  el_before_av_one_half  first flex_column_div av-animated-generic bottom-to-top av-zero-column-padding  column-top-margin'     ><p>\n<style type=\"text\/css\" data-created_by=\"avia_inline_auto\" id=\"style-css-av-2dv9ls-9921e6134c103e47970e709e33488685\">\n#top .av-special-heading.av-2dv9ls-9921e6134c103e47970e709e33488685{\npadding-bottom:0;\n}\nbody .av-special-heading.av-2dv9ls-9921e6134c103e47970e709e33488685 .av-special-heading-tag .heading-char{\nfont-size:25px;\n}\n.av-special-heading.av-2dv9ls-9921e6134c103e47970e709e33488685 .av-subheading{\nfont-size:15px;\n}\n<\/style>\n<div  class='av-special-heading av-2dv9ls-9921e6134c103e47970e709e33488685 av-special-heading-h2 blockquote modern-quote  avia-builder-el-2  el_before_av_hr  avia-builder-el-first'><h2 class='av-special-heading-tag'  itemprop=\"headline\"  >CLOISONS VITRINES TRANSPARENTS<\/h2><div class=\"special-heading-border\"><div class=\"special-heading-inner-border\"><\/div><\/div><\/div><br \/>\n\n<style type=\"text\/css\" data-created_by=\"avia_inline_auto\" id=\"style-css-av-28k0ko-789c1d044a80ac3fd224e799690818b5\">\n#top .hr.av-28k0ko-789c1d044a80ac3fd224e799690818b5{\nmargin-top:10px;\nmargin-bottom:10px;\n}\n.hr.av-28k0ko-789c1d044a80ac3fd224e799690818b5 .hr-inner{\nwidth:50px;\nborder-color:#2f79b9;\n}\n<\/style>\n<div  class='hr av-28k0ko-789c1d044a80ac3fd224e799690818b5 hr-custom  avia-builder-el-3  el_after_av_heading  avia-builder-el-last  hr-left hr-icon-no'><span class='hr-inner inner-border-av-border-fat'><span class=\"hr-inner-style\"><\/span><\/span><\/div><\/p><\/div>\n<div  class='flex_column av-8gsc0-4883a57955c3d673ab9564f058ef319a av_one_half  avia-builder-el-4  el_after_av_one_full  el_before_av_one_half  first flex_column_div  column-top-margin'     ><div  class='avia-video av-ltfqahlt-84d0218cf49c7afaac8c92d29a6a3ab0 avia-video-16-9 av-no-preview-image avia-video-load-always avia-video-html5'  itemprop=\"video\" itemtype=\"https:\/\/schema.org\/VideoObject\"  data-original_url='https:\/\/ecranstransparents.fr\/wp-content\/uploads\/2024\/03\/WhatsApp-Video-2024-03-01-at-15.15.15.mp4'><video class='avia_video'  autoplay playsinline loop preload=\"metadata\" muted id='player_144_59782199_1199866019'><source src='https:\/\/ecranstransparents.fr\/wp-content\/uploads\/2024\/03\/WhatsApp-Video-2024-03-01-at-15.15.15.mp4' type='video\/mp4' \/><\/video><\/div><\/div>\n\n<style type=\"text\/css\" data-created_by=\"avia_inline_auto\" id=\"style-css-av-1fn9r4-3f5161228e549143289c2c305d380dc7\">\n.flex_column.av-1fn9r4-3f5161228e549143289c2c305d380dc7{\nborder-radius:0px 0px 0px 0px;\npadding:0px 0px 0px 0px;\n}\n<\/style>\n<div  class='flex_column av-1fn9r4-3f5161228e549143289c2c305d380dc7 av_one_half  avia-builder-el-6  el_after_av_one_half  el_before_av_one_half  flex_column_div av-animated-generic bottom-to-top av-zero-column-padding  column-top-margin'     ><p>\n<style type=\"text\/css\" data-created_by=\"avia_inline_auto\" id=\"style-css-av-18c7ug-bd09d709d331b6312e63b0b2f499184c\">\n#top .av-special-heading.av-18c7ug-bd09d709d331b6312e63b0b2f499184c{\npadding-bottom:0;\n}\nbody .av-special-heading.av-18c7ug-bd09d709d331b6312e63b0b2f499184c .av-special-heading-tag .heading-char{\nfont-size:25px;\n}\n.av-special-heading.av-18c7ug-bd09d709d331b6312e63b0b2f499184c .av-subheading{\nfont-size:15px;\n}\n<\/style>\n<div  class='av-special-heading av-18c7ug-bd09d709d331b6312e63b0b2f499184c av-special-heading-h2 blockquote modern-quote  avia-builder-el-7  el_before_av_hr  avia-builder-el-first'><h2 class='av-special-heading-tag'  itemprop=\"headline\"  >YOUR VISION, OUR ACHIEVEMENT<\/h2><div class=\"special-heading-border\"><div class=\"special-heading-inner-border\"><\/div><\/div><\/div><br \/>\n\n<style type=\"text\/css\" data-created_by=\"avia_inline_auto\" id=\"style-css-av-14sfjc-fe36d7edd6706d5a335d22f01eddbd5c\">\n#top .hr.av-14sfjc-fe36d7edd6706d5a335d22f01eddbd5c{\nmargin-top:10px;\nmargin-bottom:10px;\n}\n.hr.av-14sfjc-fe36d7edd6706d5a335d22f01eddbd5c .hr-inner{\nwidth:50px;\nborder-color:#2f79b9;\n}\n<\/style>\n<div  class='hr av-14sfjc-fe36d7edd6706d5a335d22f01eddbd5c hr-custom  avia-builder-el-8  el_after_av_heading  el_before_av_textblock  hr-left hr-icon-no'><span class='hr-inner inner-border-av-border-fat'><span class=\"hr-inner-style\"><\/span><\/span><\/div><br \/>\n<section  class='av_textblock_section av-vxprs-e940cd2020f8d200c64802f67cc6c269'   itemscope=\"itemscope\" itemtype=\"https:\/\/schema.org\/CreativeWork\" ><div class='avia_textblock'  itemprop=\"text\" ><p><strong>Discover our range of fully customizable products,<\/strong>custom designed and manufactured on demand to meet your specific needs. Each part is created with careful attention to your requirements, ensuring a solution perfectly suited to your project<\/p>\n<\/div><\/section><\/p><\/div><div  class='flex_column av-n522w-5fe38263b0597f2d239d2f8c99c8b336 av_one_half  avia-builder-el-10  el_after_av_one_half  el_before_av_one_half  first flex_column_div  column-top-margin'     ><p>\n<style type=\"text\/css\" data-created_by=\"avia_inline_auto\" id=\"style-css-av-lwqd5vyf-f5b56955c62df948cd430d301c20c0b9\">\n#top .av-special-heading.av-lwqd5vyf-f5b56955c62df948cd430d301c20c0b9{\npadding-bottom:10px;\n}\nbody .av-special-heading.av-lwqd5vyf-f5b56955c62df948cd430d301c20c0b9 .av-special-heading-tag .heading-char{\nfont-size:25px;\n}\n.av-special-heading.av-lwqd5vyf-f5b56955c62df948cd430d301c20c0b9 .av-subheading{\nfont-size:15px;\n}\n<\/style>\n<div  class='av-special-heading av-lwqd5vyf-f5b56955c62df948cd430d301c20c0b9 av-special-heading-h2 blockquote modern-quote  avia-builder-el-11  el_before_av_hr  avia-builder-el-first'><h2 class='av-special-heading-tag'  itemprop=\"headline\"  >LAB DE PARIS BAGUETTE<\/h2><div class=\"special-heading-border\"><div class=\"special-heading-inner-border\"><\/div><\/div><\/div><br \/>\n\n<style type=\"text\/css\" data-created_by=\"avia_inline_auto\" id=\"style-css-av-lwqdd8m8-68d1bafd4390c81f53cf46e8844d4861\">\n#top .hr.av-lwqdd8m8-68d1bafd4390c81f53cf46e8844d4861{\nmargin-top:10px;\nmargin-bottom:30px;\n}\n.hr.av-lwqdd8m8-68d1bafd4390c81f53cf46e8844d4861 .hr-inner{\nwidth:50px;\nborder-color:#2f79b9;\n}\n<\/style>\n<div  class='hr av-lwqdd8m8-68d1bafd4390c81f53cf46e8844d4861 hr-custom  avia-builder-el-12  el_after_av_heading  el_before_av_textblock  hr-left hr-icon-no'><span class='hr-inner inner-border-av-border-fat'><span class=\"hr-inner-style\"><\/span><\/span><\/div><br \/>\n<section  class='av_textblock_section av-lwqd7nnu-a58a4673851f5b38276c7b8d59d0533a'   itemscope=\"itemscope\" itemtype=\"https:\/\/schema.org\/CreativeWork\" ><div class='avia_textblock'  itemprop=\"text\" ><p><strong>OLED transparents pr\u00e9sentent des \u0153uvres d&rsquo;art num\u00e9riques en r\u00e9alit\u00e9 augment\u00e9e<\/strong> qui introduisent les caract\u00e9ristiques des produits. Les supports install\u00e9s avec des \u00e9crans OLED transparents ne g\u00eanent pas la visibilit\u00e9 tout en diffusant des publicit\u00e9s sur les produits et en maximisant les effets promotionnels.<\/p>\n<\/div><\/section><\/p><\/div><div  class='flex_column av-hmge0-088e78d46ad4797db43d9a91059a9799 av_one_half  avia-builder-el-14  el_after_av_one_half  avia-builder-el-last  flex_column_div  column-top-margin'     ><div  class='avia-slideshow av-lwqda9cr-812aad9f26ecaf3e8ef44a8ab220c1e2 avia-slideshow-featured av_slideshow avia-slide-slider  avia-builder-el-15  avia-builder-el-no-sibling  av-slideshow-ui av-control-default av-slideshow-manual av-loop-once av-loop-manual-endless av-default-height-applied avia-slideshow-1' data-slideshow-options=\"{&quot;animation&quot;:&quot;slide&quot;,&quot;autoplay&quot;:false,&quot;loop_autoplay&quot;:&quot;once&quot;,&quot;interval&quot;:5,&quot;loop_manual&quot;:&quot;manual-endless&quot;,&quot;autoplay_stopper&quot;:false,&quot;noNavigation&quot;:false,&quot;bg_slider&quot;:false,&quot;keep_padding&quot;:false,&quot;hoverpause&quot;:false,&quot;show_slide_delay&quot;:0}\"  itemprop=\"image\" itemscope=\"itemscope\" itemtype=\"https:\/\/schema.org\/ImageObject\" ><ul class='avia-slideshow-inner' style='padding-bottom: 64.179104477612%;'><li  class='avia-slideshow-slide av-lwqda9cr-812aad9f26ecaf3e8ef44a8ab220c1e2__0  av-single-slide slide-1 slide-odd'><div data-rel='slideshow-1' class='avia-slide-wrap'   ><img decoding=\"async\" fetchpriority=\"high\" class=\"wp-image-1795 avia-img-lazy-loading-not-1795\"  src=\"https:\/\/ecranstransparents.fr\/wp-content\/uploads\/2024\/05\/lg-display-oledspace-products-transparent-oled-lab-of-paris-baguette-optimized-670x430.jpg\" width=\"670\" height=\"430\" title='lg-display-oledspace-products-transparent-oled-lab-of-paris-baguette-optimized' alt=''  itemprop=\"thumbnailUrl\"   \/><\/div><\/li><\/ul><\/div><\/div><\/p>","protected":false},"excerpt":{"rendered":"","protected":false},"author":1,"featured_media":0,"parent":977,"menu_order":3,"comment_status":"closed","ping_status":"closed","template":"","meta":{"inline_featured_image":false,"_monsterinsights_skip_tracking":false,"_monsterinsights_sitenote_active":false,"_monsterinsights_sitenote_note":"","_monsterinsights_sitenote_category":0,"footnotes":""},"class_list":["post-144","page","type-page","status-publish","hentry"],"_links":{"self":[{"href":"https:\/\/ecranstransparents.fr\/en\/wp-json\/wp\/v2\/pages\/144","targetHints":{"allow":["GET"]}}],"collection":[{"href":"https:\/\/ecranstransparents.fr\/en\/wp-json\/wp\/v2\/pages"}],"about":[{"href":"https:\/\/ecranstransparents.fr\/en\/wp-json\/wp\/v2\/types\/page"}],"author":[{"embeddable":true,"href":"https:\/\/ecranstransparents.fr\/en\/wp-json\/wp\/v2\/users\/1"}],"replies":[{"embeddable":true,"href":"https:\/\/ecranstransparents.fr\/en\/wp-json\/wp\/v2\/comments?post=144"}],"version-history":[{"count":14,"href":"https:\/\/ecranstransparents.fr\/en\/wp-json\/wp\/v2\/pages\/144\/revisions"}],"predecessor-version":[{"id":1804,"href":"https:\/\/ecranstransparents.fr\/en\/wp-json\/wp\/v2\/pages\/144\/revisions\/1804"}],"up":[{"embeddable":true,"href":"https:\/\/ecranstransparents.fr\/en\/wp-json\/wp\/v2\/pages\/977"}],"wp:attachment":[{"href":"https:\/\/ecranstransparents.fr\/en\/wp-json\/wp\/v2\/media?parent=144"}],"curies":[{"name":"wp","href":"https:\/\/api.w.org\/{rel}","templated":true}]}}