{"id":1586,"date":"2024-03-13T11:17:43","date_gmt":"2024-03-13T10:17:43","guid":{"rendered":"https:\/\/ecranstransparents.fr\/?page_id=1586"},"modified":"2024-03-13T17:11:31","modified_gmt":"2024-03-13T16:11:31","slug":"a-propos","status":"publish","type":"page","link":"https:\/\/ecranstransparents.fr\/en\/a-propos\/","title":{"rendered":"About"},"content":{"rendered":"<div  class='flex_column av-f7vjiq-e9088c350511bc1e8a33dcdca9a31265 av_one_half  avia-builder-el-0  el_before_av_one_half  avia-builder-el-first  first flex_column_div'     ><p>\n<style type=\"text\/css\" data-created_by=\"avia_inline_auto\" id=\"style-css-av-ltpn8qev-e8a2d2b8fe4e7dc1dc750095b677b73e\">\n#top .av-special-heading.av-ltpn8qev-e8a2d2b8fe4e7dc1dc750095b677b73e{\npadding-bottom:10px;\n}\nbody .av-special-heading.av-ltpn8qev-e8a2d2b8fe4e7dc1dc750095b677b73e .av-special-heading-tag .heading-char{\nfont-size:25px;\n}\n.av-special-heading.av-ltpn8qev-e8a2d2b8fe4e7dc1dc750095b677b73e .av-subheading{\nfont-size:15px;\n}\n<\/style>\n<div  class='av-special-heading av-ltpn8qev-e8a2d2b8fe4e7dc1dc750095b677b73e av-special-heading-h3 blockquote modern-quote  avia-builder-el-1  el_before_av_hr  avia-builder-el-first'><h3 class='av-special-heading-tag'  itemprop=\"headline\"  >Who are we ?<\/h3><div class=\"special-heading-border\"><div class=\"special-heading-inner-border\"><\/div><\/div><\/div><br \/>\n\n<style type=\"text\/css\" data-created_by=\"avia_inline_auto\" id=\"style-css-av-do4ifm-4088a3680a9136badb4143abac0144d5\">\n#top .hr.av-do4ifm-4088a3680a9136badb4143abac0144d5{\nmargin-top:10px;\nmargin-bottom:30px;\n}\n.hr.av-do4ifm-4088a3680a9136badb4143abac0144d5 .hr-inner{\nwidth:50px;\nborder-color:#2f79b9;\n}\n<\/style>\n<div  class='hr av-do4ifm-4088a3680a9136badb4143abac0144d5 hr-custom  avia-builder-el-2  el_after_av_heading  el_before_av_textblock  hr-left hr-icon-no'><span class='hr-inner inner-border-av-border-fat'><span class=\"hr-inner-style\"><\/span><\/span><\/div><br \/>\n\n<style type=\"text\/css\" data-created_by=\"avia_inline_auto\" id=\"style-css-av-ltpn83g3-1842fe9375f1c1a6ff593bedfb172b60\">\n#top .av_textblock_section.av-ltpn83g3-1842fe9375f1c1a6ff593bedfb172b60 .avia_textblock{\nfont-size:15px;\n}\n<\/style>\n<section  class='av_textblock_section av-ltpn83g3-1842fe9375f1c1a6ff593bedfb172b60'   itemscope=\"itemscope\" itemtype=\"https:\/\/schema.org\/CreativeWork\" ><div class='avia_textblock'  itemprop=\"text\" ><p>Bienvenue sur le tout nouveau site web d&rsquo;une innovation captivante : <strong>ecranstransparents.fr<\/strong><\/p>\n<p>En tant que filiale de la soci\u00e9t\u00e9 ConnectInnov, notre mission est de vous transporter dans l&rsquo;avenir de la digitalisation, en offrant des solutions qui red\u00e9finissent la fa\u00e7on dont vous interagissez avec votre environnement.<\/p>\n<p>Nous sommes fiers d&rsquo;\u00eatre <strong>the exclusive distributors of transparent screens in France.<\/strong>. Ces dispositifs r\u00e9volutionnaires fusionnent l&rsquo;esth\u00e9tique moderne avec la fonctionnalit\u00e9 avanc\u00e9e, permettant une int\u00e9gration transparente de la technologie dans n&rsquo;importe quel espace. Que ce soit dans les bureaux, les magasins, les mus\u00e9es ou les lieux publics, nos \u00e9crans transparents offrent une exp\u00e9rience visuelle immersive qui \u00e9blouit et inspire.<\/p>\n<p><strong>Explorez notre gamme diversifi\u00e9e d&rsquo;\u00e9crans transparents<\/strong>, con\u00e7us pour r\u00e9pondre \u00e0 une vari\u00e9t\u00e9 de besoins et d&rsquo;applications. Que vous recherchiez un moyen \u00e9l\u00e9gant de pr\u00e9senter des informations, de promouvoir des produits ou de cr\u00e9er des installations artistiques, nous avons la solution parfaite pour vous.<\/p>\n<p>Plongez dans un monde o\u00f9 la technologie se fond harmonieusement dans votre quotidien. Avec notre expertise et notre engagement envers l&rsquo;innovation, nous sommes l\u00e0 pour vous accompagner \u00e0 chaque \u00e9tape de votre voyage vers un avenir digitalis\u00e9. <strong>Discover the magic of transparent screens with us now.<\/strong><\/p>\n<\/div><\/section><\/p><\/div>\n<div  class='flex_column av-c24w42-00706622e2a239534e74aef5fe460527 av_one_half  avia-builder-el-4  el_after_av_one_half  avia-builder-el-last  flex_column_div'     ><div  class='avia-slideshow av-ltpndfhw-6c0d41017a0ee1e191d677b2bf764272 avia-slideshow-no scaling av_slideshow avia-slide-slider  avia-builder-el-5  avia-builder-el-no-sibling  av-slideshow-ui av-control-default av-no-slider-navigation av-slideshow-autoplay av-loop-endless av-loop-manual-endless av-default-height-applied avia-slideshow-1' data-slideshow-options=\"{&quot;animation&quot;:&quot;slide&quot;,&quot;autoplay&quot;:true,&quot;loop_autoplay&quot;:&quot;endless&quot;,&quot;interval&quot;:2,&quot;loop_manual&quot;:&quot;manual-endless&quot;,&quot;autoplay_stopper&quot;:false,&quot;noNavigation&quot;:false,&quot;bg_slider&quot;:false,&quot;keep_padding&quot;:false,&quot;hoverpause&quot;:false,&quot;show_slide_delay&quot;:0}\"  itemprop=\"image\" itemscope=\"itemscope\" itemtype=\"https:\/\/schema.org\/ImageObject\" ><ul class='avia-slideshow-inner' style='padding-bottom: 100%;'><li  class='avia-slideshow-slide av-ltpndfhw-6c0d41017a0ee1e191d677b2bf764272__0  slide-1 slide-odd'><div data-rel='slideshow-1' class='avia-slide-wrap'   ><img decoding=\"async\" fetchpriority=\"high\" class=\"wp-image-1635 avia-img-lazy-loading-not-1635\"  src=\"https:\/\/ecranstransparents.fr\/wp-content\/uploads\/2024\/03\/Design-sans-titre-6.png\" width=\"1115\" height=\"1115\" title='Design sans titre (6)' alt=''  itemprop=\"thumbnailUrl\" srcset=\"https:\/\/ecranstransparents.fr\/wp-content\/uploads\/2024\/03\/Design-sans-titre-6.png 1115w, https:\/\/ecranstransparents.fr\/wp-content\/uploads\/2024\/03\/Design-sans-titre-6-300x300.png 300w, https:\/\/ecranstransparents.fr\/wp-content\/uploads\/2024\/03\/Design-sans-titre-6-1030x1030.png 1030w, https:\/\/ecranstransparents.fr\/wp-content\/uploads\/2024\/03\/Design-sans-titre-6-80x80.png 80w, https:\/\/ecranstransparents.fr\/wp-content\/uploads\/2024\/03\/Design-sans-titre-6-768x768.png 768w, https:\/\/ecranstransparents.fr\/wp-content\/uploads\/2024\/03\/Design-sans-titre-6-36x36.png 36w, https:\/\/ecranstransparents.fr\/wp-content\/uploads\/2024\/03\/Design-sans-titre-6-180x180.png 180w, https:\/\/ecranstransparents.fr\/wp-content\/uploads\/2024\/03\/Design-sans-titre-6-705x705.png 705w\" sizes=\"(max-width: 1115px) 100vw, 1115px\" \/><\/div><\/li><li  class='avia-slideshow-slide av-ltpndfhw-6c0d41017a0ee1e191d677b2bf764272__1  slide-2 slide-even'><div data-rel='slideshow-1' class='avia-slide-wrap'   ><img decoding=\"async\" fetchpriority=\"high\" class=\"wp-image-1612 avia-img-lazy-loading-not-1612\"  src=\"https:\/\/ecranstransparents.fr\/wp-content\/uploads\/2024\/03\/image-table-kids-photoshop.1.png\" width=\"800\" height=\"800\" title='image table kids photoshop.1' alt=''  itemprop=\"thumbnailUrl\" srcset=\"https:\/\/ecranstransparents.fr\/wp-content\/uploads\/2024\/03\/image-table-kids-photoshop.1.png 800w, https:\/\/ecranstransparents.fr\/wp-content\/uploads\/2024\/03\/image-table-kids-photoshop.1-300x300.png 300w, https:\/\/ecranstransparents.fr\/wp-content\/uploads\/2024\/03\/image-table-kids-photoshop.1-80x80.png 80w, https:\/\/ecranstransparents.fr\/wp-content\/uploads\/2024\/03\/image-table-kids-photoshop.1-768x768.png 768w, https:\/\/ecranstransparents.fr\/wp-content\/uploads\/2024\/03\/image-table-kids-photoshop.1-36x36.png 36w, https:\/\/ecranstransparents.fr\/wp-content\/uploads\/2024\/03\/image-table-kids-photoshop.1-180x180.png 180w, https:\/\/ecranstransparents.fr\/wp-content\/uploads\/2024\/03\/image-table-kids-photoshop.1-705x705.png 705w\" sizes=\"(max-width: 800px) 100vw, 800px\" \/><\/div><\/li><li  class='avia-slideshow-slide av-ltpndfhw-6c0d41017a0ee1e191d677b2bf764272__2  slide-3 slide-odd'><div data-rel='slideshow-1' class='avia-slide-wrap'   ><img decoding=\"async\" fetchpriority=\"high\" class=\"wp-image-1636 avia-img-lazy-loading-not-1636\"  src=\"https:\/\/ecranstransparents.fr\/wp-content\/uploads\/2024\/03\/Design-sans-titre-7.png\" width=\"771\" height=\"771\" title='Design sans titre (7)' alt=''  itemprop=\"thumbnailUrl\" srcset=\"https:\/\/ecranstransparents.fr\/wp-content\/uploads\/2024\/03\/Design-sans-titre-7.png 771w, https:\/\/ecranstransparents.fr\/wp-content\/uploads\/2024\/03\/Design-sans-titre-7-300x300.png 300w, https:\/\/ecranstransparents.fr\/wp-content\/uploads\/2024\/03\/Design-sans-titre-7-80x80.png 80w, https:\/\/ecranstransparents.fr\/wp-content\/uploads\/2024\/03\/Design-sans-titre-7-768x768.png 768w, https:\/\/ecranstransparents.fr\/wp-content\/uploads\/2024\/03\/Design-sans-titre-7-36x36.png 36w, https:\/\/ecranstransparents.fr\/wp-content\/uploads\/2024\/03\/Design-sans-titre-7-180x180.png 180w, https:\/\/ecranstransparents.fr\/wp-content\/uploads\/2024\/03\/Design-sans-titre-7-705x705.png 705w\" sizes=\"(max-width: 771px) 100vw, 771px\" \/><\/div><\/li><li  class='avia-slideshow-slide av-ltpndfhw-6c0d41017a0ee1e191d677b2bf764272__3  slide-4 slide-even'><div data-rel='slideshow-1' class='avia-slide-wrap'   ><img decoding=\"async\" fetchpriority=\"high\" class=\"wp-image-1614 avia-img-lazy-loading-not-1614\"  src=\"https:\/\/ecranstransparents.fr\/wp-content\/uploads\/2024\/03\/Borne-et-kiosques_totems_tactiles_550x500px-1.jpg\" width=\"500\" height=\"500\" title='Borne-et-kiosques_totems_tactiles_550x500px' alt=''  itemprop=\"thumbnailUrl\" srcset=\"https:\/\/ecranstransparents.fr\/wp-content\/uploads\/2024\/03\/Borne-et-kiosques_totems_tactiles_550x500px-1.jpg 500w, https:\/\/ecranstransparents.fr\/wp-content\/uploads\/2024\/03\/Borne-et-kiosques_totems_tactiles_550x500px-1-300x300.jpg 300w, https:\/\/ecranstransparents.fr\/wp-content\/uploads\/2024\/03\/Borne-et-kiosques_totems_tactiles_550x500px-1-80x80.jpg 80w, https:\/\/ecranstransparents.fr\/wp-content\/uploads\/2024\/03\/Borne-et-kiosques_totems_tactiles_550x500px-1-36x36.jpg 36w, https:\/\/ecranstransparents.fr\/wp-content\/uploads\/2024\/03\/Borne-et-kiosques_totems_tactiles_550x500px-1-180x180.jpg 180w\" sizes=\"(max-width: 500px) 100vw, 500px\" \/><\/div><\/li><li  class='avia-slideshow-slide av-ltpndfhw-6c0d41017a0ee1e191d677b2bf764272__4  slide-5 slide-odd'><div data-rel='slideshow-1' class='avia-slide-wrap'   ><img decoding=\"async\" fetchpriority=\"high\" class=\"wp-image-1631 avia-img-lazy-loading-not-1631\"  src=\"https:\/\/ecranstransparents.fr\/wp-content\/uploads\/2024\/03\/Design-sans-titre-5.png\" width=\"1003\" height=\"1003\" title='Design sans titre (5)' alt=''  itemprop=\"thumbnailUrl\" srcset=\"https:\/\/ecranstransparents.fr\/wp-content\/uploads\/2024\/03\/Design-sans-titre-5.png 1003w, https:\/\/ecranstransparents.fr\/wp-content\/uploads\/2024\/03\/Design-sans-titre-5-300x300.png 300w, https:\/\/ecranstransparents.fr\/wp-content\/uploads\/2024\/03\/Design-sans-titre-5-80x80.png 80w, https:\/\/ecranstransparents.fr\/wp-content\/uploads\/2024\/03\/Design-sans-titre-5-768x768.png 768w, https:\/\/ecranstransparents.fr\/wp-content\/uploads\/2024\/03\/Design-sans-titre-5-36x36.png 36w, https:\/\/ecranstransparents.fr\/wp-content\/uploads\/2024\/03\/Design-sans-titre-5-180x180.png 180w, https:\/\/ecranstransparents.fr\/wp-content\/uploads\/2024\/03\/Design-sans-titre-5-705x705.png 705w\" sizes=\"(max-width: 1003px) 100vw, 1003px\" \/><\/div><\/li><\/ul><div class='avia-slideshow-arrows avia-slideshow-controls' ><a href='#prev' class='prev-slide  avia-svg-icon avia-font-svg_entypo-fontello' data-av_svg_icon='left-open-big' data-av_iconset='svg_entypo-fontello' tabindex='-1' title=\"Previous\"><svg version=\"1.1\" xmlns=\"http:\/\/www.w3.org\/2000\/svg\" width=\"15\" height=\"32\" viewbox=\"0 0 15 32\" preserveaspectratio=\"xMidYMid meet\" aria-labelledby='av-svg-title-1' aria-describedby='av-svg-desc-1' role=\"graphics-symbol\" aria-hidden=\"true\">\n<title id='av-svg-title-1'>Previous<\/title>\n<desc id='av-svg-desc-1'>Previous<\/desc>\n<path d=\"M14.464 27.84q0.832 0.832 0 1.536-0.832 0.832-1.536 0l-12.544-12.608q-0.768-0.768 0-1.6l12.544-12.608q0.704-0.832 1.536 0 0.832 0.704 0 1.536l-11.456 11.904z\"><\/path>\n<\/svg><span class='avia_hidden_link_text'>Previous<\/span><\/a><a href='#next' class='next-slide  avia-svg-icon avia-font-svg_entypo-fontello' data-av_svg_icon='right-open-big' data-av_iconset='svg_entypo-fontello' tabindex='-1' title=\"Next\"><svg version=\"1.1\" xmlns=\"http:\/\/www.w3.org\/2000\/svg\" width=\"15\" height=\"32\" viewbox=\"0 0 15 32\" preserveaspectratio=\"xMidYMid meet\" aria-labelledby='av-svg-title-2' aria-describedby='av-svg-desc-2' role=\"graphics-symbol\" aria-hidden=\"true\">\n<title id='av-svg-title-2'>Next<\/title>\n<desc id='av-svg-desc-2'>Next<\/desc>\n<path d=\"M0.416 27.84l11.456-11.84-11.456-11.904q-0.832-0.832 0-1.536 0.832-0.832 1.536 0l12.544 12.608q0.768 0.832 0 1.6l-12.544 12.608q-0.704 0.832-1.536 0-0.832-0.704 0-1.536z\"><\/path>\n<\/svg><span class='avia_hidden_link_text'>Next<\/span><\/a><\/div><\/div><\/div>","protected":false},"excerpt":{"rendered":"","protected":false},"author":1,"featured_media":0,"parent":0,"menu_order":0,"comment_status":"closed","ping_status":"closed","template":"","meta":{"inline_featured_image":false,"_monsterinsights_skip_tracking":false,"_monsterinsights_sitenote_active":false,"_monsterinsights_sitenote_note":"","_monsterinsights_sitenote_category":0,"footnotes":""},"class_list":["post-1586","page","type-page","status-publish","hentry"],"_links":{"self":[{"href":"https:\/\/ecranstransparents.fr\/en\/wp-json\/wp\/v2\/pages\/1586","targetHints":{"allow":["GET"]}}],"collection":[{"href":"https:\/\/ecranstransparents.fr\/en\/wp-json\/wp\/v2\/pages"}],"about":[{"href":"https:\/\/ecranstransparents.fr\/en\/wp-json\/wp\/v2\/types\/page"}],"author":[{"embeddable":true,"href":"https:\/\/ecranstransparents.fr\/en\/wp-json\/wp\/v2\/users\/1"}],"replies":[{"embeddable":true,"href":"https:\/\/ecranstransparents.fr\/en\/wp-json\/wp\/v2\/comments?post=1586"}],"version-history":[{"count":18,"href":"https:\/\/ecranstransparents.fr\/en\/wp-json\/wp\/v2\/pages\/1586\/revisions"}],"predecessor-version":[{"id":1683,"href":"https:\/\/ecranstransparents.fr\/en\/wp-json\/wp\/v2\/pages\/1586\/revisions\/1683"}],"wp:attachment":[{"href":"https:\/\/ecranstransparents.fr\/en\/wp-json\/wp\/v2\/media?parent=1586"}],"curies":[{"name":"wp","href":"https:\/\/api.w.org\/{rel}","templated":true}]}}