{"id":1711,"date":"2024-04-10T15:01:43","date_gmt":"2024-04-10T13:01:43","guid":{"rendered":"https:\/\/ecranstransparents.fr\/?page_id=1711"},"modified":"2024-05-06T15:33:33","modified_gmt":"2024-05-06T13:33:33","slug":"catalogue","status":"publish","type":"page","link":"https:\/\/ecranstransparents.fr\/en\/catalogue\/","title":{"rendered":"Catalogue"},"content":{"rendered":"<div  class='flex_column av-cp70gv-eab0e486aec72fc3a3f21f2b27b623f3 av_one_half  avia-builder-el-0  el_before_av_one_half  avia-builder-el-first  first flex_column_div'     ><p>\n<style type=\"text\/css\" data-created_by=\"avia_inline_auto\" id=\"style-css-av-luttbtts-bd3dac01235b0c8b6a29cc74abffbb57\">\n#top .av-special-heading.av-luttbtts-bd3dac01235b0c8b6a29cc74abffbb57{\npadding-bottom:10px;\n}\nbody .av-special-heading.av-luttbtts-bd3dac01235b0c8b6a29cc74abffbb57 .av-special-heading-tag .heading-char{\nfont-size:25px;\n}\n.av-special-heading.av-luttbtts-bd3dac01235b0c8b6a29cc74abffbb57 .av-subheading{\nfont-size:15px;\n}\n<\/style>\n<div  class='av-special-heading av-luttbtts-bd3dac01235b0c8b6a29cc74abffbb57 av-special-heading-h3  avia-builder-el-1  el_before_av_hr  avia-builder-el-first'><h3 class='av-special-heading-tag'  itemprop=\"headline\"  >Download our catalog<\/h3><div class=\"special-heading-border\"><div class=\"special-heading-inner-border\"><\/div><\/div><\/div><br \/>\n<div  class='hr av-aehotr-fcd1b55faa74db62a6822d40ffff48cd hr-default  avia-builder-el-2  el_after_av_heading  el_before_av_textblock'><span class='hr-inner'><span class=\"hr-inner-style\"><\/span><\/span><\/div><br \/>\n<section  class='av_textblock_section av-luttincf-0282b512234ff56ff80bf79fab273bf3'   itemscope=\"itemscope\" itemtype=\"https:\/\/schema.org\/CreativeWork\" ><div class='avia_textblock'  itemprop=\"text\" ><p>D\u00e9couvrez notre toute nouvelle collection d&rsquo;\u00e9crans transparents, une r\u00e9volution dans le domaine de la technologie visuelle !<\/p>\n<p>T\u00e9l\u00e9chargez notre catalogue pour explorer une gamme \u00e9blouissante d&rsquo;\u00e9crans transparents, con\u00e7us pour transformer votre environnement en une exp\u00e9rience immersive et futuriste.<\/p>\n<p>Que vous cherchiez \u00e0 int\u00e9grer ces \u00e9crans dans votre espace de travail, votre boutique, ou m\u00eame votre domicile, notre catalogue vous propose une vari\u00e9t\u00e9 d&rsquo;options pour r\u00e9pondre \u00e0 vos besoins.<\/p>\n<p>Plongez dans un monde o\u00f9 la technologie se fond harmonieusement dans votre d\u00e9cor, cr\u00e9ant des interactions inoubliables. T\u00e9l\u00e9chargez d\u00e8s maintenant notre catalogue et laissez-vous inspirer par l&rsquo;avenir de la visualisation transparente.<\/p>\n<\/div><\/section><br \/>\n<div  class='hr av-9vwr1b-f9a807936f41a2facc3a1256648a8cfa hr-default  avia-builder-el-4  el_after_av_textblock  el_before_av_buttonrow'><span class='hr-inner'><span class=\"hr-inner-style\"><\/span><\/span><\/div><br \/>\n<div  class='avia-buttonrow-wrap av-luttkf5i-74a795e8447526ca9e7ae69e32183c29 avia-buttonrow-center  avia-builder-el-5  el_after_av_hr  avia-builder-el-last'>\n\n<style type=\"text\/css\" data-created_by=\"avia_inline_auto\" id=\"style-css-av-luttjqcg-da80fbbb7a88d66678bbe021fbd2fa9a\">\n#top #wrap_all .avia-button.av-luttjqcg-da80fbbb7a88d66678bbe021fbd2fa9a{\nmargin-bottom:5px;\nmargin-right:3px;\nmargin-left:3px;\n}\n<\/style>\n<a href='https:\/\/ecranstransparents.fr\/wp-content\/uploads\/2024\/04\/CATALOGUE-FR.pdf'  class='avia-button av-luttjqcg-da80fbbb7a88d66678bbe021fbd2fa9a avia-icon_select-yes-left-icon avia-size-small avia-color-theme-color'  target=\"_blank\"  rel=\"noopener noreferrer\"  aria-label=\"Catalogue - FR\"><span class='avia_button_icon avia_button_icon_left avia-iconfont avia-font-entypo-fontello' data-av_icon='\ue82d' data-av_iconfont='entypo-fontello' ><\/span><span class='avia_iconbox_title' >Catalogue - FR<\/span><\/a>\n\n<style type=\"text\/css\" data-created_by=\"avia_inline_auto\" id=\"style-css-av-luttk2jz-858254b4aab22e822d976f6654855d4b\">\n#top #wrap_all .avia-button.av-luttk2jz-858254b4aab22e822d976f6654855d4b{\nmargin-bottom:5px;\nmargin-right:3px;\nmargin-left:3px;\n}\n<\/style>\n<a href='https:\/\/ecranstransparents.fr\/wp-content\/uploads\/2024\/05\/CATALOG-EN.pdf'  class='avia-button av-luttk2jz-858254b4aab22e822d976f6654855d4b avia-icon_select-yes-left-icon avia-size-small avia-color-theme-color'  target=\"_blank\"  rel=\"noopener noreferrer\"  aria-label=\"Catalogue - EN\"><span class='avia_button_icon avia_button_icon_left avia-iconfont avia-font-entypo-fontello' data-av_icon='\ue82d' data-av_iconfont='entypo-fontello' ><\/span><span class='avia_iconbox_title' >Catalogue - EN<\/span><\/a>\n<\/div><\/p><\/div><div  class='flex_column av-7wh5vj-137901e9ea37b13be1f5e05b525366a9 av_one_half  avia-builder-el-6  el_after_av_one_half  avia-builder-el-last  flex_column_div'     ><div  class='avia-slideshow av-luttrmqg-511f9cf6dc878771726b0f7c6c5372cc avia-slideshow-large av_slideshow avia-slide-slider  avia-builder-el-7  avia-builder-el-no-sibling  av-slideshow-ui av-control-default av-no-slider-navigation av-slideshow-manual av-loop-once av-loop-manual-endless av-default-height-applied avia-slideshow-1' data-slideshow-options=\"{&quot;animation&quot;:&quot;slide&quot;,&quot;autoplay&quot;:false,&quot;loop_autoplay&quot;:&quot;once&quot;,&quot;interval&quot;:5,&quot;loop_manual&quot;:&quot;manual-endless&quot;,&quot;autoplay_stopper&quot;:false,&quot;noNavigation&quot;:false,&quot;bg_slider&quot;:false,&quot;keep_padding&quot;:false,&quot;hoverpause&quot;:false,&quot;show_slide_delay&quot;:0}\"  itemprop=\"image\" itemscope=\"itemscope\" itemtype=\"https:\/\/schema.org\/ImageObject\" ><ul class='avia-slideshow-inner' style='padding-bottom: 100%;'><li  class='avia-slideshow-slide av-luttrmqg-511f9cf6dc878771726b0f7c6c5372cc__0  slide-1 slide-odd'><div data-rel='slideshow-1' class='avia-slide-wrap'   ><img decoding=\"async\" fetchpriority=\"high\" class=\"wp-image-1636 avia-img-lazy-loading-not-1636\"  src=\"https:\/\/ecranstransparents.fr\/wp-content\/uploads\/2024\/03\/Design-sans-titre-7.png\" width=\"771\" height=\"771\" title='Design sans titre (7)' alt=''  itemprop=\"thumbnailUrl\" srcset=\"https:\/\/ecranstransparents.fr\/wp-content\/uploads\/2024\/03\/Design-sans-titre-7.png 771w, https:\/\/ecranstransparents.fr\/wp-content\/uploads\/2024\/03\/Design-sans-titre-7-300x300.png 300w, https:\/\/ecranstransparents.fr\/wp-content\/uploads\/2024\/03\/Design-sans-titre-7-80x80.png 80w, https:\/\/ecranstransparents.fr\/wp-content\/uploads\/2024\/03\/Design-sans-titre-7-768x768.png 768w, https:\/\/ecranstransparents.fr\/wp-content\/uploads\/2024\/03\/Design-sans-titre-7-36x36.png 36w, https:\/\/ecranstransparents.fr\/wp-content\/uploads\/2024\/03\/Design-sans-titre-7-180x180.png 180w, https:\/\/ecranstransparents.fr\/wp-content\/uploads\/2024\/03\/Design-sans-titre-7-705x705.png 705w\" sizes=\"(max-width: 771px) 100vw, 771px\" \/><\/div><\/li><li  class='avia-slideshow-slide av-luttrmqg-511f9cf6dc878771726b0f7c6c5372cc__1  slide-2 slide-even'><div data-rel='slideshow-1' class='avia-slide-wrap'   ><img decoding=\"async\" fetchpriority=\"high\" class=\"wp-image-1631 avia-img-lazy-loading-not-1631\"  src=\"https:\/\/ecranstransparents.fr\/wp-content\/uploads\/2024\/03\/Design-sans-titre-5.png\" width=\"1003\" height=\"1003\" title='Design sans titre (5)' alt=''  itemprop=\"thumbnailUrl\" srcset=\"https:\/\/ecranstransparents.fr\/wp-content\/uploads\/2024\/03\/Design-sans-titre-5.png 1003w, https:\/\/ecranstransparents.fr\/wp-content\/uploads\/2024\/03\/Design-sans-titre-5-300x300.png 300w, https:\/\/ecranstransparents.fr\/wp-content\/uploads\/2024\/03\/Design-sans-titre-5-80x80.png 80w, https:\/\/ecranstransparents.fr\/wp-content\/uploads\/2024\/03\/Design-sans-titre-5-768x768.png 768w, https:\/\/ecranstransparents.fr\/wp-content\/uploads\/2024\/03\/Design-sans-titre-5-36x36.png 36w, https:\/\/ecranstransparents.fr\/wp-content\/uploads\/2024\/03\/Design-sans-titre-5-180x180.png 180w, https:\/\/ecranstransparents.fr\/wp-content\/uploads\/2024\/03\/Design-sans-titre-5-705x705.png 705w\" sizes=\"(max-width: 1003px) 100vw, 1003px\" \/><\/div><\/li><li  class='avia-slideshow-slide av-luttrmqg-511f9cf6dc878771726b0f7c6c5372cc__2  slide-3 slide-odd'><div data-rel='slideshow-1' class='avia-slide-wrap'   ><img decoding=\"async\" fetchpriority=\"high\" class=\"wp-image-1635 avia-img-lazy-loading-not-1635\"  src=\"https:\/\/ecranstransparents.fr\/wp-content\/uploads\/2024\/03\/Design-sans-titre-6-1030x1030.png\" width=\"1030\" height=\"1030\" title='Design sans titre (6)' alt=''  itemprop=\"thumbnailUrl\" srcset=\"https:\/\/ecranstransparents.fr\/wp-content\/uploads\/2024\/03\/Design-sans-titre-6-1030x1030.png 1030w, https:\/\/ecranstransparents.fr\/wp-content\/uploads\/2024\/03\/Design-sans-titre-6-300x300.png 300w, https:\/\/ecranstransparents.fr\/wp-content\/uploads\/2024\/03\/Design-sans-titre-6-80x80.png 80w, https:\/\/ecranstransparents.fr\/wp-content\/uploads\/2024\/03\/Design-sans-titre-6-768x768.png 768w, https:\/\/ecranstransparents.fr\/wp-content\/uploads\/2024\/03\/Design-sans-titre-6-36x36.png 36w, https:\/\/ecranstransparents.fr\/wp-content\/uploads\/2024\/03\/Design-sans-titre-6-180x180.png 180w, https:\/\/ecranstransparents.fr\/wp-content\/uploads\/2024\/03\/Design-sans-titre-6-705x705.png 705w, https:\/\/ecranstransparents.fr\/wp-content\/uploads\/2024\/03\/Design-sans-titre-6.png 1115w\" sizes=\"(max-width: 1030px) 100vw, 1030px\" \/><\/div><\/li><\/ul><div class='avia-slideshow-arrows avia-slideshow-controls' ><a href='#prev' class='prev-slide  avia-svg-icon avia-font-svg_entypo-fontello' data-av_svg_icon='left-open-big' data-av_iconset='svg_entypo-fontello' tabindex='-1' title=\"Previous\"><svg version=\"1.1\" xmlns=\"http:\/\/www.w3.org\/2000\/svg\" width=\"15\" height=\"32\" viewbox=\"0 0 15 32\" preserveaspectratio=\"xMidYMid meet\" aria-labelledby='av-svg-title-1' aria-describedby='av-svg-desc-1' role=\"graphics-symbol\" aria-hidden=\"true\">\n<title id='av-svg-title-1'>Previous<\/title>\n<desc id='av-svg-desc-1'>Previous<\/desc>\n<path d=\"M14.464 27.84q0.832 0.832 0 1.536-0.832 0.832-1.536 0l-12.544-12.608q-0.768-0.768 0-1.6l12.544-12.608q0.704-0.832 1.536 0 0.832 0.704 0 1.536l-11.456 11.904z\"><\/path>\n<\/svg><span class='avia_hidden_link_text'>Previous<\/span><\/a><a href='#next' class='next-slide  avia-svg-icon avia-font-svg_entypo-fontello' data-av_svg_icon='right-open-big' data-av_iconset='svg_entypo-fontello' tabindex='-1' title=\"Next\"><svg version=\"1.1\" xmlns=\"http:\/\/www.w3.org\/2000\/svg\" width=\"15\" height=\"32\" viewbox=\"0 0 15 32\" preserveaspectratio=\"xMidYMid meet\" aria-labelledby='av-svg-title-2' aria-describedby='av-svg-desc-2' role=\"graphics-symbol\" aria-hidden=\"true\">\n<title id='av-svg-title-2'>Next<\/title>\n<desc id='av-svg-desc-2'>Next<\/desc>\n<path d=\"M0.416 27.84l11.456-11.84-11.456-11.904q-0.832-0.832 0-1.536 0.832-0.832 1.536 0l12.544 12.608q0.768 0.832 0 1.6l-12.544 12.608q-0.704 0.832-1.536 0-0.832-0.704 0-1.536z\"><\/path>\n<\/svg><span class='avia_hidden_link_text'>Next<\/span><\/a><\/div><\/div><\/div><\/p>","protected":false},"excerpt":{"rendered":"","protected":false},"author":1,"featured_media":0,"parent":0,"menu_order":0,"comment_status":"closed","ping_status":"closed","template":"","meta":{"inline_featured_image":false,"_monsterinsights_skip_tracking":false,"_monsterinsights_sitenote_active":false,"_monsterinsights_sitenote_note":"","_monsterinsights_sitenote_category":0,"footnotes":""},"class_list":["post-1711","page","type-page","status-publish","hentry"],"_links":{"self":[{"href":"https:\/\/ecranstransparents.fr\/en\/wp-json\/wp\/v2\/pages\/1711","targetHints":{"allow":["GET"]}}],"collection":[{"href":"https:\/\/ecranstransparents.fr\/en\/wp-json\/wp\/v2\/pages"}],"about":[{"href":"https:\/\/ecranstransparents.fr\/en\/wp-json\/wp\/v2\/types\/page"}],"author":[{"embeddable":true,"href":"https:\/\/ecranstransparents.fr\/en\/wp-json\/wp\/v2\/users\/1"}],"replies":[{"embeddable":true,"href":"https:\/\/ecranstransparents.fr\/en\/wp-json\/wp\/v2\/comments?post=1711"}],"version-history":[{"count":12,"href":"https:\/\/ecranstransparents.fr\/en\/wp-json\/wp\/v2\/pages\/1711\/revisions"}],"predecessor-version":[{"id":1786,"href":"https:\/\/ecranstransparents.fr\/en\/wp-json\/wp\/v2\/pages\/1711\/revisions\/1786"}],"wp:attachment":[{"href":"https:\/\/ecranstransparents.fr\/en\/wp-json\/wp\/v2\/media?parent=1711"}],"curies":[{"name":"wp","href":"https:\/\/api.w.org\/{rel}","templated":true}]}}